{"id":2679,"date":"2025-10-19T22:53:56","date_gmt":"2025-10-19T20:53:56","guid":{"rendered":"https:\/\/vzk.cubesdev.rs\/our-products\/uncategorized\/zastitna-krema-za-bebe\/"},"modified":"2025-10-27T15:07:36","modified_gmt":"2025-10-27T14:07:36","slug":"zastitna-krema-za-bebe","status":"publish","type":"product","link":"https:\/\/vzklaboratory.com\/hr\/na\u0161i-proizvodi\/njega-koze\/njega-koze-beba\/zastitna-krema-za-bebe\/","title":{"rendered":"ZA\u0160TITNA KREMA ZA BEBE"},"content":{"rendered":"<p>Krema sa visokim sadr\u017eajem minerala i sastojcima prirodnog porijekla sa antisepti\u010dnim djelovanjem, u\u010dinkovito sprje\u010dava pojavu osipa ko\u017ee u podru\u010dju pelena.<\/p>\n","protected":false},"excerpt":{"rendered":"<p>Krema sa visokim sadr\u017eajem minerala i sastojcima prirodnog porijekla sa antisepti\u010dnim djelovanjem, u\u010dinkovito sprje\u010dava pojavu osipa ko\u017ee u podru\u010dju pelena.<\/p>\n","protected":false},"featured_media":2674,"comment_status":"open","ping_status":"closed","template":"","meta":{"_acf_changed":false,"_seopress_robots_primary_cat":"none","_seopress_titles_title":"","_seopress_titles_desc":"","_seopress_robots_index":""},"product_brand":[],"product_cat":[216,223,210,212,214],"product_tag":[],"class_list":{"0":"post-2679","1":"product","2":"type-product","3":"status-publish","4":"has-post-thumbnail","6":"product_cat-serija-proizvoda","7":"product_cat-njega-koze-beba","8":"product_cat-njega-koze","9":"product_cat-tipovi-koze","10":"product_cat-potrebe-koze-2","12":"first","13":"instock","14":"shipping-taxable","15":"purchasable","16":"product-type-simple"},"acf":[],"_links":{"self":[{"href":"https:\/\/vzklaboratory.com\/hr\/wp-json\/wp\/v2\/product\/2679","targetHints":{"allow":["GET"]}}],"collection":[{"href":"https:\/\/vzklaboratory.com\/hr\/wp-json\/wp\/v2\/product"}],"about":[{"href":"https:\/\/vzklaboratory.com\/hr\/wp-json\/wp\/v2\/types\/product"}],"replies":[{"embeddable":true,"href":"https:\/\/vzklaboratory.com\/hr\/wp-json\/wp\/v2\/comments?post=2679"}],"wp:featuredmedia":[{"embeddable":true,"href":"https:\/\/vzklaboratory.com\/hr\/wp-json\/wp\/v2\/media\/2674"}],"wp:attachment":[{"href":"https:\/\/vzklaboratory.com\/hr\/wp-json\/wp\/v2\/media?parent=2679"}],"wp:term":[{"taxonomy":"product_brand","embeddable":true,"href":"https:\/\/vzklaboratory.com\/hr\/wp-json\/wp\/v2\/product_brand?post=2679"},{"taxonomy":"product_cat","embeddable":true,"href":"https:\/\/vzklaboratory.com\/hr\/wp-json\/wp\/v2\/product_cat?post=2679"},{"taxonomy":"product_tag","embeddable":true,"href":"https:\/\/vzklaboratory.com\/hr\/wp-json\/wp\/v2\/product_tag?post=2679"}],"curies":[{"name":"wp","href":"https:\/\/api.w.org\/{rel}","templated":true}]}}