{"id":2668,"date":"2025-10-19T22:53:52","date_gmt":"2025-10-19T20:53:52","guid":{"rendered":"https:\/\/vzk.cubesdev.rs\/our-products\/uncategorized\/uljana-kupka-za-bebe\/"},"modified":"2025-10-27T15:08:09","modified_gmt":"2025-10-27T14:08:09","slug":"uljana-kupka-za-bebe","status":"publish","type":"product","link":"https:\/\/vzklaboratory.com\/hr\/na\u0161i-proizvodi\/njega-koze\/njega-koze-beba\/uljana-kupka-za-bebe\/","title":{"rendered":"ULJANA KUPKA ZA BEBE"},"content":{"rendered":"<p>Umiruju\u0107e ulje za kupanje i tu\u0161iranje vrlo nje\u017eno \u010disti bebinu ko\u017eu i spre\u010dava njeno pretjerano isu\u0161ivanje, \u010dine\u0107i ju mekom i nje\u017enom na dodir. Blaga formulacija sadr\u017ei ulja poput bademovog, arganovog i avokado ulja koja ubla\u017eavanju tegobe suhe ko\u017ee beba, smiruju iritacije, crvenilo i nelagodnosti na ko\u017ei, pru\u017eaju\u0107i joj adekvatnu za\u0161titu.<\/p>\n","protected":false},"excerpt":{"rendered":"<p>Umiruju\u0107e ulje za kupanje i tu\u0161iranje vrlo nje\u017eno \u010disti bebinu ko\u017eu i spre\u010dava njeno pretjerano isu\u0161ivanje, \u010dine\u0107i ju mekom i nje\u017enom na dodir. Blaga formulacija sadr\u017ei ulja poput bademovog, arganovog i avokado ulja koja ubla\u017eavanju tegobe suhe ko\u017ee beba, smiruju iritacije, crvenilo i nelagodnosti na ko\u017ei, pru\u017eaju\u0107i joj adekvatnu za\u0161titu.<\/p>\n","protected":false},"featured_media":2663,"comment_status":"open","ping_status":"closed","template":"","meta":{"_acf_changed":false,"_seopress_robots_primary_cat":"none","_seopress_titles_title":"","_seopress_titles_desc":"","_seopress_robots_index":""},"product_brand":[],"product_cat":[216,223,210,212,214],"product_tag":[],"class_list":{"0":"post-2668","1":"product","2":"type-product","3":"status-publish","4":"has-post-thumbnail","6":"product_cat-serija-proizvoda","7":"product_cat-njega-koze-beba","8":"product_cat-njega-koze","9":"product_cat-tipovi-koze","10":"product_cat-potrebe-koze-2","12":"first","13":"instock","14":"shipping-taxable","15":"purchasable","16":"product-type-simple"},"acf":[],"_links":{"self":[{"href":"https:\/\/vzklaboratory.com\/hr\/wp-json\/wp\/v2\/product\/2668","targetHints":{"allow":["GET"]}}],"collection":[{"href":"https:\/\/vzklaboratory.com\/hr\/wp-json\/wp\/v2\/product"}],"about":[{"href":"https:\/\/vzklaboratory.com\/hr\/wp-json\/wp\/v2\/types\/product"}],"replies":[{"embeddable":true,"href":"https:\/\/vzklaboratory.com\/hr\/wp-json\/wp\/v2\/comments?post=2668"}],"wp:featuredmedia":[{"embeddable":true,"href":"https:\/\/vzklaboratory.com\/hr\/wp-json\/wp\/v2\/media\/2663"}],"wp:attachment":[{"href":"https:\/\/vzklaboratory.com\/hr\/wp-json\/wp\/v2\/media?parent=2668"}],"wp:term":[{"taxonomy":"product_brand","embeddable":true,"href":"https:\/\/vzklaboratory.com\/hr\/wp-json\/wp\/v2\/product_brand?post=2668"},{"taxonomy":"product_cat","embeddable":true,"href":"https:\/\/vzklaboratory.com\/hr\/wp-json\/wp\/v2\/product_cat?post=2668"},{"taxonomy":"product_tag","embeddable":true,"href":"https:\/\/vzklaboratory.com\/hr\/wp-json\/wp\/v2\/product_tag?post=2668"}],"curies":[{"name":"wp","href":"https:\/\/api.w.org\/{rel}","templated":true}]}}