{"id":2657,"date":"2025-10-19T22:53:47","date_gmt":"2025-10-19T20:53:47","guid":{"rendered":"https:\/\/vzk.cubesdev.rs\/our-products\/uncategorized\/sampon-protiv-tjemenice-za-bebe\/"},"modified":"2025-10-27T15:08:24","modified_gmt":"2025-10-27T14:08:24","slug":"sampon-protiv-tjemenice-za-bebe","status":"publish","type":"product","link":"https:\/\/vzklaboratory.com\/hr\/na\u0161i-proizvodi\/njega-koze\/njega-koze-beba\/sampon-protiv-tjemenice-za-bebe\/","title":{"rendered":"\u0160AMPON PROTIV TJEMENICE ZA BEBE"},"content":{"rendered":"<p>Blaga formulacija \u0161ampona za tretman i prevenciju tjemenice kod novoro\u0111en\u010dadi i beba, pogodna za kori\u0161tenje od prvog dana. Omek\u0161ava i uklanja ljuskice koje nastaju uslijed tjemenice i sprije\u010dava njihovo ponovno pojavljivanje. Sadr\u017ei pantenol, glicerin i aloe veru koji njeguju nje\u017enu bebinu ko\u017eu sprje\u010davaju\u0107i njeno pretjerano isu\u0161ivanje.<\/p>\n","protected":false},"excerpt":{"rendered":"<p>Blaga formulacija \u0161ampona za tretman i prevenciju tjemenice kod novoro\u0111en\u010dadi i beba, pogodna za kori\u0161tenje od prvog dana. Omek\u0161ava i uklanja ljuskice koje nastaju uslijed tjemenice i sprije\u010dava njihovo ponovno pojavljivanje. Sadr\u017ei pantenol, glicerin i aloe veru koji njeguju nje\u017enu bebinu ko\u017eu sprje\u010davaju\u0107i njeno pretjerano isu\u0161ivanje.<\/p>\n","protected":false},"featured_media":2652,"comment_status":"open","ping_status":"closed","template":"","meta":{"_acf_changed":false,"_seopress_robots_primary_cat":"none","_seopress_titles_title":"","_seopress_titles_desc":"","_seopress_robots_index":""},"product_brand":[],"product_cat":[210,212,214,216,223],"product_tag":[],"class_list":{"0":"post-2657","1":"product","2":"type-product","3":"status-publish","4":"has-post-thumbnail","6":"product_cat-njega-koze","7":"product_cat-tipovi-koze","8":"product_cat-potrebe-koze-2","9":"product_cat-serija-proizvoda","10":"product_cat-njega-koze-beba","12":"first","13":"instock","14":"shipping-taxable","15":"purchasable","16":"product-type-simple"},"acf":[],"_links":{"self":[{"href":"https:\/\/vzklaboratory.com\/hr\/wp-json\/wp\/v2\/product\/2657","targetHints":{"allow":["GET"]}}],"collection":[{"href":"https:\/\/vzklaboratory.com\/hr\/wp-json\/wp\/v2\/product"}],"about":[{"href":"https:\/\/vzklaboratory.com\/hr\/wp-json\/wp\/v2\/types\/product"}],"replies":[{"embeddable":true,"href":"https:\/\/vzklaboratory.com\/hr\/wp-json\/wp\/v2\/comments?post=2657"}],"wp:featuredmedia":[{"embeddable":true,"href":"https:\/\/vzklaboratory.com\/hr\/wp-json\/wp\/v2\/media\/2652"}],"wp:attachment":[{"href":"https:\/\/vzklaboratory.com\/hr\/wp-json\/wp\/v2\/media?parent=2657"}],"wp:term":[{"taxonomy":"product_brand","embeddable":true,"href":"https:\/\/vzklaboratory.com\/hr\/wp-json\/wp\/v2\/product_brand?post=2657"},{"taxonomy":"product_cat","embeddable":true,"href":"https:\/\/vzklaboratory.com\/hr\/wp-json\/wp\/v2\/product_cat?post=2657"},{"taxonomy":"product_tag","embeddable":true,"href":"https:\/\/vzklaboratory.com\/hr\/wp-json\/wp\/v2\/product_tag?post=2657"}],"curies":[{"name":"wp","href":"https:\/\/api.w.org\/{rel}","templated":true}]}}