{"id":2646,"date":"2025-10-19T22:53:41","date_gmt":"2025-10-19T20:53:41","guid":{"rendered":"https:\/\/vzk.cubesdev.rs\/our-products\/uncategorized\/losion-za-tijelo-za-bebe\/"},"modified":"2025-10-27T15:08:44","modified_gmt":"2025-10-27T14:08:44","slug":"losion-za-tijelo-za-bebe","status":"publish","type":"product","link":"https:\/\/vzklaboratory.com\/hr\/na\u0161i-proizvodi\/njega-koze\/njega-koze-beba\/losion-za-tijelo-za-bebe\/","title":{"rendered":"LOSION ZA TIJELO ZA BEBE"},"content":{"rendered":"<p>Losion za bebe sadr\u017ei ulja i ekstrakte biljaka koji dokazano ubla\u017eavaju iritacije i crvenilo, umiruju osjetljivu bebinu ko\u017eu i olak\u0161avaju nelagodu, pru\u017eaju\u0107i joj svu potrebnu njegu od prvog dana. Ulje avokada, shea maslac, glicerin i pantenol pozitivno djeluju na bebinu ko\u017eu, omek\u0161avaju je i \u0161tite. Brzo se upija, \u010dini bebinu ko\u017eu mekom i glatkom i pru\u017ea joj hidrataciju.<\/p>\n","protected":false},"excerpt":{"rendered":"<p>Losion za bebe sadr\u017ei ulja i ekstrakte biljaka koji dokazano ubla\u017eavaju iritacije i crvenilo, umiruju osjetljivu bebinu ko\u017eu i olak\u0161avaju nelagodu, pru\u017eaju\u0107i joj svu potrebnu njegu od prvog dana. Ulje avokada, shea maslac, glicerin i pantenol pozitivno djeluju na bebinu ko\u017eu, omek\u0161avaju je i \u0161tite. Brzo se upija, \u010dini bebinu ko\u017eu mekom i glatkom i [&hellip;]<\/p>\n","protected":false},"featured_media":2641,"comment_status":"open","ping_status":"closed","template":"","meta":{"_acf_changed":false,"_seopress_robots_primary_cat":"none","_seopress_titles_title":"","_seopress_titles_desc":"","_seopress_robots_index":""},"product_brand":[],"product_cat":[210,212,214,216,223],"product_tag":[],"class_list":{"0":"post-2646","1":"product","2":"type-product","3":"status-publish","4":"has-post-thumbnail","6":"product_cat-njega-koze","7":"product_cat-tipovi-koze","8":"product_cat-potrebe-koze-2","9":"product_cat-serija-proizvoda","10":"product_cat-njega-koze-beba","12":"first","13":"instock","14":"shipping-taxable","15":"purchasable","16":"product-type-simple"},"acf":[],"_links":{"self":[{"href":"https:\/\/vzklaboratory.com\/hr\/wp-json\/wp\/v2\/product\/2646","targetHints":{"allow":["GET"]}}],"collection":[{"href":"https:\/\/vzklaboratory.com\/hr\/wp-json\/wp\/v2\/product"}],"about":[{"href":"https:\/\/vzklaboratory.com\/hr\/wp-json\/wp\/v2\/types\/product"}],"replies":[{"embeddable":true,"href":"https:\/\/vzklaboratory.com\/hr\/wp-json\/wp\/v2\/comments?post=2646"}],"wp:featuredmedia":[{"embeddable":true,"href":"https:\/\/vzklaboratory.com\/hr\/wp-json\/wp\/v2\/media\/2641"}],"wp:attachment":[{"href":"https:\/\/vzklaboratory.com\/hr\/wp-json\/wp\/v2\/media?parent=2646"}],"wp:term":[{"taxonomy":"product_brand","embeddable":true,"href":"https:\/\/vzklaboratory.com\/hr\/wp-json\/wp\/v2\/product_brand?post=2646"},{"taxonomy":"product_cat","embeddable":true,"href":"https:\/\/vzklaboratory.com\/hr\/wp-json\/wp\/v2\/product_cat?post=2646"},{"taxonomy":"product_tag","embeddable":true,"href":"https:\/\/vzklaboratory.com\/hr\/wp-json\/wp\/v2\/product_tag?post=2646"}],"curies":[{"name":"wp","href":"https:\/\/api.w.org\/{rel}","templated":true}]}}