{"id":2624,"date":"2025-10-19T22:53:31","date_gmt":"2025-10-19T20:53:31","guid":{"rendered":"https:\/\/vzk.cubesdev.rs\/our-products\/uncategorized\/kupka-i-sampon-za-bebe-2u1\/"},"modified":"2025-10-27T15:09:35","modified_gmt":"2025-10-27T14:09:35","slug":"kupka-i-sampon-za-bebe-2u1","status":"publish","type":"product","link":"https:\/\/vzklaboratory.com\/hr\/na\u0161i-proizvodi\/njega-koze\/njega-koze-beba\/kupka-i-sampon-za-bebe-2u1\/","title":{"rendered":"KUPKA I \u0160AMPON ZA BEBE 2U1"},"content":{"rendered":"<p>Blaga formulacija pogodna za kupanje, pranje kose i ko\u017ee bebine glave, od prvog dana. Sadr\u017ei pantenol, ekstrakt hamamelisa i alantoin koji njeguju i \u0161tite bebinu ko\u017eu i gliceril oleat koji smiruje iritacije i crvenilo.<\/p>\n","protected":false},"excerpt":{"rendered":"<p>Blaga formulacija pogodna za kupanje, pranje kose i ko\u017ee bebine glave, od prvog dana. Sadr\u017ei pantenol, ekstrakt hamamelisa i alantoin koji njeguju i \u0161tite bebinu ko\u017eu i gliceril oleat koji smiruje iritacije i crvenilo.<\/p>\n","protected":false},"featured_media":2619,"comment_status":"open","ping_status":"closed","template":"","meta":{"_acf_changed":false,"_seopress_robots_primary_cat":"none","_seopress_titles_title":"","_seopress_titles_desc":"","_seopress_robots_index":""},"product_brand":[],"product_cat":[210,212,214,216,223],"product_tag":[],"class_list":{"0":"post-2624","1":"product","2":"type-product","3":"status-publish","4":"has-post-thumbnail","6":"product_cat-njega-koze","7":"product_cat-tipovi-koze","8":"product_cat-potrebe-koze-2","9":"product_cat-serija-proizvoda","10":"product_cat-njega-koze-beba","12":"first","13":"instock","14":"shipping-taxable","15":"purchasable","16":"product-type-simple"},"acf":[],"_links":{"self":[{"href":"https:\/\/vzklaboratory.com\/hr\/wp-json\/wp\/v2\/product\/2624","targetHints":{"allow":["GET"]}}],"collection":[{"href":"https:\/\/vzklaboratory.com\/hr\/wp-json\/wp\/v2\/product"}],"about":[{"href":"https:\/\/vzklaboratory.com\/hr\/wp-json\/wp\/v2\/types\/product"}],"replies":[{"embeddable":true,"href":"https:\/\/vzklaboratory.com\/hr\/wp-json\/wp\/v2\/comments?post=2624"}],"wp:featuredmedia":[{"embeddable":true,"href":"https:\/\/vzklaboratory.com\/hr\/wp-json\/wp\/v2\/media\/2619"}],"wp:attachment":[{"href":"https:\/\/vzklaboratory.com\/hr\/wp-json\/wp\/v2\/media?parent=2624"}],"wp:term":[{"taxonomy":"product_brand","embeddable":true,"href":"https:\/\/vzklaboratory.com\/hr\/wp-json\/wp\/v2\/product_brand?post=2624"},{"taxonomy":"product_cat","embeddable":true,"href":"https:\/\/vzklaboratory.com\/hr\/wp-json\/wp\/v2\/product_cat?post=2624"},{"taxonomy":"product_tag","embeddable":true,"href":"https:\/\/vzklaboratory.com\/hr\/wp-json\/wp\/v2\/product_tag?post=2624"}],"curies":[{"name":"wp","href":"https:\/\/api.w.org\/{rel}","templated":true}]}}