{"id":2605,"date":"2025-10-19T22:50:59","date_gmt":"2025-10-19T20:50:59","guid":{"rendered":"https:\/\/vzk.cubesdev.rs\/our-products\/uncategorized\/antiperspirantna-krema\/"},"modified":"2025-10-27T15:09:55","modified_gmt":"2025-10-27T14:09:55","slug":"antiperspirantna-krema","status":"publish","type":"product","link":"https:\/\/vzklaboratory.com\/hr\/na\u0161i-proizvodi\/njega-koze\/njega-tijela\/antiperspirantna-krema\/","title":{"rendered":"ANTIPERSPIRANTNA KREMA"},"content":{"rendered":"<p>Antiperspirantna krema pru\u017ea 24-satnu za\u0161titu od znojenja i neugodnog mirisa. Visokou\u010dinkovita formulacija koja se brzo upija i su\u0161i, ne ostavljaju\u0107i ljepljiv i vla\u017ean trag. Mo\u017ee se koristiti svakodnevno, a posebno je pogodna za sporta\u0161e.<\/p>\n","protected":false},"excerpt":{"rendered":"<p>Antiperspirantna krema pru\u017ea 24-satnu za\u0161titu od znojenja i neugodnog mirisa. Visokou\u010dinkovita formulacija koja se brzo upija i su\u0161i, ne ostavljaju\u0107i ljepljiv i vla\u017ean trag. Mo\u017ee se koristiti svakodnevno, a posebno je pogodna za sporta\u0161e.<\/p>\n","protected":false},"featured_media":6916,"comment_status":"open","ping_status":"closed","template":"","meta":{"_acf_changed":false,"_seopress_robots_primary_cat":"none","_seopress_titles_title":"","_seopress_titles_desc":"","_seopress_robots_index":""},"product_brand":[],"product_cat":[218,351,210,212,214,215,216],"product_tag":[],"class_list":{"0":"post-2605","1":"product","2":"type-product","3":"status-publish","4":"has-post-thumbnail","6":"product_cat-njega-tijela","7":"product_cat-osnovna-hidratacija","8":"product_cat-njega-koze","9":"product_cat-tipovi-koze","10":"product_cat-potrebe-koze-2","11":"product_cat-osnovna-njega","12":"product_cat-serija-proizvoda","14":"first","15":"instock","16":"shipping-taxable","17":"purchasable","18":"product-type-simple"},"acf":[],"_links":{"self":[{"href":"https:\/\/vzklaboratory.com\/hr\/wp-json\/wp\/v2\/product\/2605","targetHints":{"allow":["GET"]}}],"collection":[{"href":"https:\/\/vzklaboratory.com\/hr\/wp-json\/wp\/v2\/product"}],"about":[{"href":"https:\/\/vzklaboratory.com\/hr\/wp-json\/wp\/v2\/types\/product"}],"replies":[{"embeddable":true,"href":"https:\/\/vzklaboratory.com\/hr\/wp-json\/wp\/v2\/comments?post=2605"}],"wp:featuredmedia":[{"embeddable":true,"href":"https:\/\/vzklaboratory.com\/hr\/wp-json\/wp\/v2\/media\/6916"}],"wp:attachment":[{"href":"https:\/\/vzklaboratory.com\/hr\/wp-json\/wp\/v2\/media?parent=2605"}],"wp:term":[{"taxonomy":"product_brand","embeddable":true,"href":"https:\/\/vzklaboratory.com\/hr\/wp-json\/wp\/v2\/product_brand?post=2605"},{"taxonomy":"product_cat","embeddable":true,"href":"https:\/\/vzklaboratory.com\/hr\/wp-json\/wp\/v2\/product_cat?post=2605"},{"taxonomy":"product_tag","embeddable":true,"href":"https:\/\/vzklaboratory.com\/hr\/wp-json\/wp\/v2\/product_tag?post=2605"}],"curies":[{"name":"wp","href":"https:\/\/api.w.org\/{rel}","templated":true}]}}