{"id":2587,"date":"2025-10-19T22:49:38","date_gmt":"2025-10-19T20:49:38","guid":{"rendered":"https:\/\/vzk.cubesdev.rs\/our-products\/uncategorized\/krema-za-regulaciju-akni-za-problematicnu-kozu\/"},"modified":"2025-10-27T15:10:13","modified_gmt":"2025-10-27T14:10:13","slug":"krema-za-regulaciju-akni-za-problematicnu-kozu","status":"publish","type":"product","link":"https:\/\/vzklaboratory.com\/hr\/na\u0161i-proizvodi\/njega-koze\/njega-lica\/krema-za-regulaciju-akni-za-problematicnu-kozu\/","title":{"rendered":"KREMA ZA REGULACIJU AKNI ZA PROBLEMATI\u010cNU KO\u017dU"},"content":{"rendered":"<p>Krema na bazi vo\u0107nih kiselina i odabranih supstanci prirodnog porijekla, specijalno formulirana za problemati\u010dnu ko\u017eu. Svakodnevnom upotrebom umiruje ko\u017eu i smanjuje nepravilnosti.<\/p>\n","protected":false},"excerpt":{"rendered":"<p>Krema na bazi vo\u0107nih kiselina i odabranih supstanci prirodnog porijekla, specijalno formulirana za problemati\u010dnu ko\u017eu. Svakodnevnom upotrebom umiruje ko\u017eu i smanjuje nepravilnosti.<\/p>\n","protected":false},"featured_media":2456,"comment_status":"open","ping_status":"closed","template":"","meta":{"_acf_changed":false,"_seopress_robots_primary_cat":"none","_seopress_titles_title":"","_seopress_titles_desc":"","_seopress_robots_index":""},"product_brand":[],"product_cat":[210,211,212,214,216,219,221,229],"product_tag":[],"class_list":{"0":"post-2587","1":"product","2":"type-product","3":"status-publish","4":"has-post-thumbnail","6":"product_cat-njega-koze","7":"product_cat-njega-lica","8":"product_cat-tipovi-koze","9":"product_cat-potrebe-koze-2","10":"product_cat-serija-proizvoda","11":"product_cat-koza-sklona-aknama-tipovi-koze","12":"product_cat-problematicna-koza","13":"product_cat-kontrola-akni-potrebe-koze-2","15":"first","16":"instock","17":"shipping-taxable","18":"purchasable","19":"product-type-simple"},"acf":[],"_links":{"self":[{"href":"https:\/\/vzklaboratory.com\/hr\/wp-json\/wp\/v2\/product\/2587","targetHints":{"allow":["GET"]}}],"collection":[{"href":"https:\/\/vzklaboratory.com\/hr\/wp-json\/wp\/v2\/product"}],"about":[{"href":"https:\/\/vzklaboratory.com\/hr\/wp-json\/wp\/v2\/types\/product"}],"replies":[{"embeddable":true,"href":"https:\/\/vzklaboratory.com\/hr\/wp-json\/wp\/v2\/comments?post=2587"}],"wp:featuredmedia":[{"embeddable":true,"href":"https:\/\/vzklaboratory.com\/hr\/wp-json\/wp\/v2\/media\/2456"}],"wp:attachment":[{"href":"https:\/\/vzklaboratory.com\/hr\/wp-json\/wp\/v2\/media?parent=2587"}],"wp:term":[{"taxonomy":"product_brand","embeddable":true,"href":"https:\/\/vzklaboratory.com\/hr\/wp-json\/wp\/v2\/product_brand?post=2587"},{"taxonomy":"product_cat","embeddable":true,"href":"https:\/\/vzklaboratory.com\/hr\/wp-json\/wp\/v2\/product_cat?post=2587"},{"taxonomy":"product_tag","embeddable":true,"href":"https:\/\/vzklaboratory.com\/hr\/wp-json\/wp\/v2\/product_tag?post=2587"}],"curies":[{"name":"wp","href":"https:\/\/api.w.org\/{rel}","templated":true}]}}