{"id":1495,"date":"2023-11-10T09:04:48","date_gmt":"2023-11-10T08:04:48","guid":{"rendered":"https:\/\/vzk.cubesdev.rs\/vzk-vodic\/faq\/"},"modified":"2025-11-20T16:53:07","modified_gmt":"2025-11-20T15:53:07","slug":"najcesca-pitanja","status":"publish","type":"page","link":"https:\/\/vzklaboratory.com\/hr\/vzk-vodic\/najcesca-pitanja\/","title":{"rendered":"Naj\u010de\u0161\u0107a pitanja"},"content":{"rendered":"<p>Na jednom mjestu izdvojili smo odgovore na naj\u010de\u0161\u0107e postavljena pitanja kako bismo vam olak\u0161ali pretragu informacija. Pogledajte nalazi li se odgovor na va\u0161e pitanje ve\u0107 ovdje \u2013 ako ne, svakako nas kontaktirajte!<\/p>\n","protected":false},"excerpt":{"rendered":"<p>Na jednom mjestu izdvojili smo odgovore na naj\u010de\u0161\u0107e postavljena pitanja kako bismo vam olak\u0161ali pretragu informacija. Pogledajte nalazi li se odgovor na va\u0161e pitanje ve\u0107 ovdje \u2013 ako ne, svakako nas kontaktirajte!<\/p>\n","protected":false},"author":2,"featured_media":6325,"parent":1397,"menu_order":0,"comment_status":"closed","ping_status":"closed","template":"page-for-faq.php","meta":{"_acf_changed":false,"_seopress_robots_primary_cat":"","_seopress_titles_title":"","_seopress_titles_desc":"","_seopress_robots_index":"","footnotes":""},"class_list":["post-1495","page","type-page","status-publish","has-post-thumbnail","hentry"],"acf":[],"_links":{"self":[{"href":"https:\/\/vzklaboratory.com\/hr\/wp-json\/wp\/v2\/pages\/1495","targetHints":{"allow":["GET"]}}],"collection":[{"href":"https:\/\/vzklaboratory.com\/hr\/wp-json\/wp\/v2\/pages"}],"about":[{"href":"https:\/\/vzklaboratory.com\/hr\/wp-json\/wp\/v2\/types\/page"}],"author":[{"embeddable":true,"href":"https:\/\/vzklaboratory.com\/hr\/wp-json\/wp\/v2\/users\/2"}],"replies":[{"embeddable":true,"href":"https:\/\/vzklaboratory.com\/hr\/wp-json\/wp\/v2\/comments?post=1495"}],"version-history":[{"count":2,"href":"https:\/\/vzklaboratory.com\/hr\/wp-json\/wp\/v2\/pages\/1495\/revisions"}],"predecessor-version":[{"id":6332,"href":"https:\/\/vzklaboratory.com\/hr\/wp-json\/wp\/v2\/pages\/1495\/revisions\/6332"}],"up":[{"embeddable":true,"href":"https:\/\/vzklaboratory.com\/hr\/wp-json\/wp\/v2\/pages\/1397"}],"wp:featuredmedia":[{"embeddable":true,"href":"https:\/\/vzklaboratory.com\/hr\/wp-json\/wp\/v2\/media\/6325"}],"wp:attachment":[{"href":"https:\/\/vzklaboratory.com\/hr\/wp-json\/wp\/v2\/media?parent=1495"}],"curies":[{"name":"wp","href":"https:\/\/api.w.org\/{rel}","templated":true}]}}